{"id":171,"date":"2025-07-28T16:24:15","date_gmt":"2025-07-28T20:24:15","guid":{"rendered":"https:\/\/www.lnzclasschallenge.ca\/check-email\/"},"modified":"2025-09-03T20:23:47","modified_gmt":"2025-09-04T00:23:47","slug":"veuillez-consulter-votre-boite-de-reception","status":"publish","type":"page","link":"https:\/\/www.lnzclasschallenge.ca\/fr\/veuillez-consulter-votre-boite-de-reception\/","title":{"rendered":"Veuillez consulter votre bo\u00eete de r\u00e9ception"},"content":{"rendered":"<p>Veuillez consulter votre bo\u00eete de r\u00e9ception. Vous recevrez un lien de r\u00e9initialisation de votre mot de passe. Si vous ne recevez pas ce message dans les plus brefs d\u00e9lais, consultez votre dossier de courrier ind\u00e9sirable.<\/p>\n","protected":false},"excerpt":{"rendered":"<p>Veuillez consulter votre bo\u00eete de r\u00e9ception. Vous recevrez un lien de r\u00e9initialisation de votre mot de passe. Si vous ne recevez pas ce message dans les plus brefs d\u00e9lais, consultez votre dossier de courrier ind\u00e9sirable.<\/p>\n","protected":false},"author":1,"featured_media":0,"parent":0,"menu_order":0,"comment_status":"closed","ping_status":"closed","template":"","meta":{"_acf_changed":false,"_monsterinsights_skip_tracking":false,"_monsterinsights_sitenote_active":false,"_monsterinsights_sitenote_note":"","_monsterinsights_sitenote_category":0,"footnotes":""},"class_list":["post-171","page","type-page","status-publish","hentry"],"acf":[],"_links":{"self":[{"href":"https:\/\/www.lnzclasschallenge.ca\/fr\/wp-json\/wp\/v2\/pages\/171","targetHints":{"allow":["GET"]}}],"collection":[{"href":"https:\/\/www.lnzclasschallenge.ca\/fr\/wp-json\/wp\/v2\/pages"}],"about":[{"href":"https:\/\/www.lnzclasschallenge.ca\/fr\/wp-json\/wp\/v2\/types\/page"}],"author":[{"embeddable":true,"href":"https:\/\/www.lnzclasschallenge.ca\/fr\/wp-json\/wp\/v2\/users\/1"}],"replies":[{"embeddable":true,"href":"https:\/\/www.lnzclasschallenge.ca\/fr\/wp-json\/wp\/v2\/comments?post=171"}],"version-history":[{"count":0,"href":"https:\/\/www.lnzclasschallenge.ca\/fr\/wp-json\/wp\/v2\/pages\/171\/revisions"}],"wp:attachment":[{"href":"https:\/\/www.lnzclasschallenge.ca\/fr\/wp-json\/wp\/v2\/media?parent=171"}],"curies":[{"name":"wp","href":"https:\/\/api.w.org\/{rel}","templated":true}]}}