{"id":159,"date":"2025-07-25T12:36:05","date_gmt":"2025-07-25T16:36:05","guid":{"rendered":"https:\/\/www.lnzclasschallenge.ca\/rules-and-regulations\/"},"modified":"2025-09-25T05:02:40","modified_gmt":"2025-09-25T09:02:40","slug":"rules-and-regulationsfr","status":"publish","type":"page","link":"https:\/\/www.lnzclasschallenge.ca\/fr\/rules-and-regulationsfr\/","title":{"rendered":"R\u00e8glements"},"content":{"rendered":"<p>Le r\u00e8glement du D\u00e9fi en Classe du programme Vivre Net Z\u00e9ro sera bient\u00f4t publi\u00e9. En attendant, veuillez consulter la page des <a href=\"https:\/\/www.lnzclasschallenge.ca\/fr\/prix\/\">prix<\/a> pour obtenir les r\u00e9ponses aux questions communes.<\/p>\n","protected":false},"excerpt":{"rendered":"<p>Le r\u00e8glement du D\u00e9fi en Classe du programme Vivre Net Z\u00e9ro sera bient\u00f4t publi\u00e9. En attendant, veuillez consulter la page des prix pour obtenir les r\u00e9ponses aux questions communes.<\/p>\n","protected":false},"author":1,"featured_media":114,"parent":0,"menu_order":0,"comment_status":"closed","ping_status":"closed","template":"","meta":{"_acf_changed":false,"_monsterinsights_skip_tracking":false,"_monsterinsights_sitenote_active":false,"_monsterinsights_sitenote_note":"","_monsterinsights_sitenote_category":0,"footnotes":""},"class_list":["post-159","page","type-page","status-publish","has-post-thumbnail","hentry"],"acf":[],"_links":{"self":[{"href":"https:\/\/www.lnzclasschallenge.ca\/fr\/wp-json\/wp\/v2\/pages\/159","targetHints":{"allow":["GET"]}}],"collection":[{"href":"https:\/\/www.lnzclasschallenge.ca\/fr\/wp-json\/wp\/v2\/pages"}],"about":[{"href":"https:\/\/www.lnzclasschallenge.ca\/fr\/wp-json\/wp\/v2\/types\/page"}],"author":[{"embeddable":true,"href":"https:\/\/www.lnzclasschallenge.ca\/fr\/wp-json\/wp\/v2\/users\/1"}],"replies":[{"embeddable":true,"href":"https:\/\/www.lnzclasschallenge.ca\/fr\/wp-json\/wp\/v2\/comments?post=159"}],"version-history":[{"count":0,"href":"https:\/\/www.lnzclasschallenge.ca\/fr\/wp-json\/wp\/v2\/pages\/159\/revisions"}],"wp:featuredmedia":[{"embeddable":true,"href":"https:\/\/www.lnzclasschallenge.ca\/fr\/wp-json\/wp\/v2\/media\/114"}],"wp:attachment":[{"href":"https:\/\/www.lnzclasschallenge.ca\/fr\/wp-json\/wp\/v2\/media?parent=159"}],"curies":[{"name":"wp","href":"https:\/\/api.w.org\/{rel}","templated":true}]}}