{"id":155,"date":"2025-07-25T12:35:45","date_gmt":"2025-07-25T16:35:45","guid":{"rendered":"https:\/\/www.lnzclasschallenge.ca\/the-challenges\/"},"modified":"2025-10-09T14:50:01","modified_gmt":"2025-10-09T18:50:01","slug":"les-defis","status":"publish","type":"page","link":"https:\/\/www.lnzclasschallenge.ca\/fr\/les-defis\/","title":{"rendered":"Les d\u00e9fis"},"content":{"rendered":"<p>Le <b>D\u00e9fi en classe du programme Vivre net z\u00e9ro <\/b>propose <b>cinq th\u00e8mes <\/b>et des activit\u00e9s pratiques con\u00e7ues pour associer l&#8217;apprentissage \u00e0 l&#8217;action. Chaque d\u00e9fi invite les \u00e9l\u00e8ves \u00e0 explorer, cr\u00e9er et r\u00e9fl\u00e9chir, tout en apportant des changements positifs \u00e0 leur \u00e9cole, \u00e0 leur foyer et \u00e0 leur communaut\u00e9. Il y a aussi un d\u00e9fi vid\u00e9o qui est unique parmi le lot !<\/p>\n<p><strong>Vous trouverez ci-dessous un aper\u00e7u de chaque d\u00e9fi.<\/strong> Chaque activit\u00e9 est pr\u00eate \u00e0 l\u2019emploi, facile \u00e0 mettre en \u0153uvre et offerte en fran\u00e7ais et en anglais. T\u00e9l\u00e9chargez l\u2019activit\u00e9 compl\u00e8te pour obtenir tous les d\u00e9tails, et assurez-vous de <strong>cr\u00e9er votre compte d\u2019enseignant(e)<\/strong> afin de soumettre les d\u00e9fis r\u00e9alis\u00e9s par votre classe dans le portail des \u00e9ducateurs.<\/p>\n<h2>Nos maisons et l&#8217;\u00e9nergie<\/h2>\n<h3>D\u00e9branche-toi<\/h3>\n<ul>\n<li>Suivez la consommation d&#8217;\u00e9nergie de vos appareils \u00e0 l&#8217;\u00e9cole et \u00e0 la maison. \u00c9laborez un plan pour \u00e9conomiser l&#8217;\u00e9nergie pendant une journ\u00e9e, explorez des habitudes simples d&#8217;\u00e9conomie d&#8217;\u00e9nergie et r\u00e9fl\u00e9chissez \u00e0 leur impact sur la consommation d&#8217;\u00e9nergie, les routines et le bien-\u00eatre. (<a href=\"https:\/\/www.lnzclasschallenge.ca\/wp-content\/uploads\/2025\/09\/1A-Debranche-toi.pdf\" target=\"_blank\" rel=\"noopener\">T\u00e9l\u00e9charger l\u2019activit\u00e9 compl\u00e8te<\/a>)<\/li>\n<\/ul>\n<h3>Go\u00fbte \u00e0 l\u2019eau<\/h3>\n<ul>\n<li>Suivez votre consommation d&#8217;eau et explorez les liens traditionnels ou culturels avec l&#8217;eau. Prenez l&#8217;engagement personnel de r\u00e9duire le gaspillage ou de respecter l&#8217;eau au quotidien.\u00a0(<a href=\"https:\/\/www.lnzclasschallenge.ca\/wp-content\/uploads\/2025\/09\/1B-Goute-a-leau.pdf\" target=\"_blank\" rel=\"noopener\">T\u00e9l\u00e9charger l\u2019activit\u00e9 compl\u00e8te<\/a>)<\/li>\n<\/ul>\n<h3>B\u00e2tir vert<\/h3>\n<ul>\n<li>Concevez une maison, une salle de classe ou un b\u00e2timent \u00e0 faible impact environnemental en utilisant des caract\u00e9ristiques durables. D\u00e9couvrez o\u00f9 les b\u00e2timents gaspillent de l&#8217;\u00e9nergie et comment les choix de conception peuvent r\u00e9duire l&#8217;impact environnemental. (<a href=\"https:\/\/www.lnzclasschallenge.ca\/wp-content\/uploads\/2025\/09\/1C-Batir-vert.pdf\" target=\"_blank\" rel=\"noopener\">T\u00e9l\u00e9charger l\u2019activit\u00e9 compl\u00e8te<\/a>)<\/li>\n<\/ul>\n<h3>Lavage \u00e0 froid (\u00e0 la maison)<\/h3>\n<ul>\n<li>Essayez de passer \u00e0 la lessive \u00e0 l&#8217;eau froide \u00e0 la maison pour \u00e9conomiser de l&#8217;\u00e9nergie. Les \u00e9l\u00e8ves suivent l&#8217;exp\u00e9rience, y r\u00e9fl\u00e9chissent et partagent leurs apprentissages. (<a href=\"https:\/\/www.lnzclasschallenge.ca\/wp-content\/uploads\/2025\/09\/1D-Lavage-a-froid-.pdf\" target=\"_blank\" rel=\"noopener\">T\u00e9l\u00e9charger l\u2019activit\u00e9 compl\u00e8te<\/a>)<\/li>\n<\/ul>\n<h3>Nos d\u00e9placements<\/h3>\n<h3>Transport pour tous<\/h3>\n<ul>\n<li>Cartographiez comment acc\u00e9der aux lieux importants de votre communaut\u00e9 \u00e0 pied, \u00e0 v\u00e9lo, en transports en commun et en voiture. Comparez les options et analysez les avantages, les d\u00e9fis et les lacunes pour rendre les transports accessibles et durables pour tous. (<a href=\"https:\/\/www.lnzclasschallenge.ca\/wp-content\/uploads\/2025\/09\/2A-Transport-pour-tous.pdf\" target=\"_blank\" rel=\"noopener\">T\u00e9l\u00e9charger l\u2019activit\u00e9 compl\u00e8te<\/a>)<\/li>\n<\/ul>\n<h3>Ma route r\u00eav\u00e9e<\/h3>\n<ul>\n<li>Imaginez et concevez un itin\u00e9raire plus s\u00fbr et plus \u00e9cologique pour vous rendre \u00e0 l&#8217;\u00e9cole ou \u00e0 une autre destination de votre quartier. Proposez des changements qui rendraient les rues plus accessibles, durables et accueillantes pour tous. (<a href=\"https:\/\/www.lnzclasschallenge.ca\/wp-content\/uploads\/2025\/09\/2B-Ma-route-revee.pdf\" target=\"_blank\" rel=\"noopener\">T\u00e9l\u00e9charger l\u2019activit\u00e9 compl\u00e8te<\/a>)<\/li>\n<\/ul>\n<h3>Autour du monde<\/h3>\n<ul>\n<li>Planifiez un voyage entre diff\u00e9rentes villes du monde en explorant diff\u00e9rents itin\u00e9raires et options de transport. Comparez les options comme le train, le bateau, le bus et l&#8217;avion, et tenez compte des compromis entre vitesse, co\u00fbt, commodit\u00e9 et \u00e9missions. (<a href=\"https:\/\/www.lnzclasschallenge.ca\/wp-content\/uploads\/2025\/09\/2C-Autour-du-monde.pdf\" target=\"_blank\" rel=\"noopener\">T\u00e9l\u00e9charger l\u2019activit\u00e9 compl\u00e8te<\/a>)<\/li>\n<\/ul>\n<h3>Se d\u00e9placer (\u00e0 la maison)<\/h3>\n<ul>\n<li>En famille, essayez un moyen plus \u00e9cologique de vous rendre \u00e0 l&#8217;\u00e9cole, au magasin ou ailleurs. R\u00e9fl\u00e9chissez \u00e0 ce qui a facilit\u00e9 les choses, \u00e0 ce qui a pos\u00e9 probl\u00e8me et \u00e0 la mani\u00e8re dont votre communaut\u00e9 pourrait soutenir des d\u00e9placements plus \u00e9cologiques. (<a href=\"https:\/\/www.lnzclasschallenge.ca\/wp-content\/uploads\/2025\/09\/2D-Se-deplacer-1.pdf\" target=\"_blank\" rel=\"noopener\">T\u00e9l\u00e9charger l\u2019activit\u00e9 compl\u00e8te<\/a>)<\/li>\n<\/ul>\n<h2>Notre quotidien<\/h2>\n<h3>R\u00e9pare et reporte<\/h3>\n<ul>\n<li>Choisissez un v\u00eatement \u00e0 r\u00e9parer, \u00e0 \u00e9changer, \u00e0 changer de style ou \u00e0 le relooker. Partagez son histoire et r\u00e9fl\u00e9chissez \u00e0 la fa\u00e7on dont le fait de porter et d&#8217;entretenir ses v\u00eatements peut r\u00e9duire les d\u00e9chets et favoriser des choix de mode plus durables. (<a href=\"https:\/\/www.lnzclasschallenge.ca\/wp-content\/uploads\/2025\/09\/3A-Repare-et-reporte.pdf\" target=\"_blank\" rel=\"noopener\">T\u00e9l\u00e9charger l\u2019activit\u00e9 compl\u00e8te<\/a>)<\/li>\n<\/ul>\n<h3>Recyclez vos biens<\/h3>\n<ul>\n<li>R\u00e9utilisez un objet ancien ou inutilis\u00e9 et partagez l&#8217;histoire de sa nouvelle vie. D\u00e9couvrez comment la r\u00e9utilisation cr\u00e9ative r\u00e9duit les d\u00e9chets, stimule l&#8217;innovation et offre une seconde vie aux objets du quotidien. (<a href=\"https:\/\/www.lnzclasschallenge.ca\/wp-content\/uploads\/2025\/09\/3B-Recyclez-vos-biens.pdf\" target=\"_blank\" rel=\"noopener\">T\u00e9l\u00e9charger l\u2019activit\u00e9 compl\u00e8te<\/a>)<\/li>\n<\/ul>\n<h3>Le vrai prix<\/h3>\n<ul>\n<li>\u00c9tudiez le cycle de vie complet d&#8217;un produit et explorez ses impacts environnementaux et sociaux. Envisagez des alternatives et partagez une solution plus durable pour r\u00e9pondre au m\u00eame besoin. (<a href=\"https:\/\/www.lnzclasschallenge.ca\/wp-content\/uploads\/2025\/09\/3C-Le-vrai-prix.pdf\" target=\"_blank\" rel=\"noopener\">T\u00e9l\u00e9charger l\u2019activit\u00e9 compl\u00e8te<\/a>)<\/li>\n<\/ul>\n<h3>\u00c9change de mat\u00e9riel (\u00e0 la maison)<\/h3>\n<ul>\n<li>Organisez ou participez \u00e0 un \u00e9change de jouets, de v\u00eatements, de livres ou d&#8217;outils. R\u00e9fl\u00e9chissez \u00e0 la fa\u00e7on dont le partage d&#8217;objets r\u00e9duit le gaspillage, renforce la coh\u00e9sion sociale et encourage les habitudes durables. (<a href=\"https:\/\/www.lnzclasschallenge.ca\/wp-content\/uploads\/2025\/09\/3D-Echange-de-materiel-1.pdf\" target=\"_blank\" rel=\"noopener\">T\u00e9l\u00e9charger l\u2019activit\u00e9 compl\u00e8te<\/a>)<\/li>\n<\/ul>\n<h2>Notre alimentation<\/h2>\n<h3>Sauve-mon-d\u00eener<\/h3>\n<ul>\n<li>Suivez et r\u00e9duisez le gaspillage alimentaire \u00e0 l&#8217;\u00e9cole. Partagez des id\u00e9es, des recettes ou des strat\u00e9gies pour utiliser les restes et r\u00e9duire le gaspillage alimentaire et les emballages. (<a href=\"https:\/\/www.lnzclasschallenge.ca\/wp-content\/uploads\/2025\/09\/4A-Sauve-mon-diner.pdf\" target=\"_blank\" rel=\"noopener\">T\u00e9l\u00e9charger l\u2019activit\u00e9 compl\u00e8te<\/a>)<\/li>\n<\/ul>\n<h3>Sachez ce que vous mangez<\/h3>\n<ul>\n<li>Renseignez-vous sur la provenance de vos aliments et explorez leur parcours, de la production \u00e0 votre assiette. R\u00e9fl\u00e9chissez \u00e0 l&#8217;impact de la transformation, du transport et de l&#8217;\u00e9limination des aliments sur l&#8217;environnement, et \u00e0 la mani\u00e8re dont les aliments locaux ou de saison peuvent contribuer \u00e0 la r\u00e9silience des communaut\u00e9s. (<a href=\"https:\/\/www.lnzclasschallenge.ca\/wp-content\/uploads\/2025\/09\/4B-Sachez-ce-que-vous-mangez.pdf\" target=\"_blank\" rel=\"noopener\">T\u00e9l\u00e9charger l\u2019activit\u00e9 compl\u00e8te<\/a>)<\/li>\n<\/ul>\n<h3>Connexions alimentaires communautaires<\/h3>\n<ul>\n<li>D\u00e9couvrez les entreprises alimentaires locales et les initiatives communautaires qui soutiennent les pratiques durables. R\u00e9fl\u00e9chissez \u00e0 la mani\u00e8re dont ces liens contribuent \u00e0 la durabilit\u00e9 environnementale et \u00e0 la r\u00e9silience des communaut\u00e9s. (<a href=\"https:\/\/www.lnzclasschallenge.ca\/wp-content\/uploads\/2025\/09\/4C-Connexions-alimentaires-communautaires.pdf\" target=\"_blank\" rel=\"noopener\">T\u00e9l\u00e9charger l\u2019activit\u00e9 compl\u00e8te<\/a>)<\/li>\n<\/ul>\n<h3>\u00c9change de prot\u00e9ines (\u00e0 la maison)<\/h3>\n<ul>\n<li>Essayez un repas riche en v\u00e9g\u00e9taux en famille et r\u00e9fl\u00e9chissez \u00e0 l&#8217;exp\u00e9rience. Explorez de nouvelles recettes, go\u00fbtez diff\u00e9rents aliments et r\u00e9fl\u00e9chissez \u00e0 l&#8217;impact environnemental de vos choix en mati\u00e8re de prot\u00e9ines. (<a href=\"https:\/\/www.lnzclasschallenge.ca\/wp-content\/uploads\/2025\/09\/4D-Echange-de-proteines.pdf\" target=\"_blank\" rel=\"noopener\">T\u00e9l\u00e9charger l\u2019activit\u00e9 compl\u00e8te<\/a>)<\/li>\n<\/ul>\n<h2>Nos c\u00e9l\u00e9brations et nos loisirs<\/h2>\n<h3>Traditions au quotidien<\/h3>\n<ul>\n<li>R\u00e9fl\u00e9chissez \u00e0 une tradition personnelle ou culturelle et explorez des moyens de la rendre plus durable tout en conservant ce qui la rend significative. (<a href=\"https:\/\/www.lnzclasschallenge.ca\/wp-content\/uploads\/2025\/09\/5A-Traditions-au-quotidien.pdf\" target=\"_blank\" rel=\"noopener\">T\u00e9l\u00e9charger l\u2019activit\u00e9 compl\u00e8te<\/a>)<\/li>\n<\/ul>\n<h3>F\u00eate sans d\u00e9chets<\/h3>\n<ul>\n<li>D\u00e9couvrez des fa\u00e7ons de c\u00e9l\u00e9brer en r\u00e9duisant votre empreinte environnementale. Cr\u00e9ez des d\u00e9corations, des cartes ou des cadeaux avec des mat\u00e9riaux r\u00e9utilis\u00e9s ou recycl\u00e9s, et r\u00e9fl\u00e9chissez \u00e0 ce qui donne un sens aux c\u00e9l\u00e9brations. (<a href=\"https:\/\/www.lnzclasschallenge.ca\/wp-content\/uploads\/2025\/09\/5B-Fete-sans-dechets.pdf\" target=\"_blank\" rel=\"noopener\">T\u00e9l\u00e9charger l\u2019activit\u00e9 compl\u00e8te<\/a>)<\/li>\n<\/ul>\n<h3>Restaurer la nature<\/h3>\n<ul>\n<li>Agissez pour restaurer ou entretenir un espace vert local. Plantez des esp\u00e8ces indig\u00e8nes, nettoyez un espace ou participez \u00e0 un projet de science citoyenne et r\u00e9fl\u00e9chissez aux bienfaits pour la nature et votre communaut\u00e9. (<a href=\"https:\/\/www.lnzclasschallenge.ca\/wp-content\/uploads\/2025\/09\/5C-Restaurer-la-nature.pdf\" target=\"_blank\" rel=\"noopener\">T\u00e9l\u00e9charger l\u2019activit\u00e9 compl\u00e8te<\/a>)<\/li>\n<\/ul>\n<h3>Costume et d\u00e9co r\u00e9cup\u2019 (\u00e0 la maison)<\/h3>\n<ul>\n<li>Concevez et cr\u00e9ez un costume ou une d\u00e9coration de f\u00eate \u00e0 partir de mat\u00e9riaux r\u00e9utilis\u00e9s ou recycl\u00e9s. Partagez votre cr\u00e9ation et r\u00e9fl\u00e9chissez \u00e0 la mani\u00e8re dont la cr\u00e9ativit\u00e9 peut r\u00e9duire les d\u00e9chets et rendre les f\u00eates plus durables. (<a href=\"https:\/\/www.lnzclasschallenge.ca\/wp-content\/uploads\/2025\/09\/5D-Costume-et-deco-recup.pdf\" target=\"_blank\" rel=\"noopener\">T\u00e9l\u00e9charger l\u2019activit\u00e9 compl\u00e8te<\/a>)<\/li>\n<\/ul>\n<h2>D\u00e9fi vid\u00e9o\u00a0: Un message aux Canadiens<\/h2>\n<ul>\n<li>Cr\u00e9ez un message d\u2019int\u00e9r\u00eat public court et percutant qui appelle les Canadiens \u00e0 se mobiliser et \u00e0 assumer leurs responsabilit\u00e9s pour un avenir viable. Montrez pourquoi l\u2019action en faveur du climat et du d\u00e9veloppement durable est importante et comment les citoyens de partout au pays peuvent contribuer \u00e0 cr\u00e9er des changements positifs. (<a href=\"https:\/\/www.lnzclasschallenge.ca\/wp-content\/uploads\/2025\/09\/6-Defi-video.pdf\" target=\"_blank\" rel=\"noopener\">T\u00e9l\u00e9charger l\u2019activit\u00e9 compl\u00e8te<\/a>)<\/li>\n<li>Veuillez t\u00e9l\u00e9charger le formulaire de d\u00e9charge sp\u00e9cifique au d\u00e9fi vid\u00e9o <a href=\"https:\/\/www.lnzclasschallenge.ca\/wp-content\/uploads\/2025\/09\/LNZ-Release-form-FR.pdf\" target=\"_blank\" rel=\"noopener\">ici<\/a>.<\/li>\n<\/ul>\n<h2>Pourquoi les d\u00e9fis sont importants<\/h2>\n<p>Chaque d\u00e9fi est plus qu&#8217;une simple activit\u00e9 : c&#8217;est une occasion pour les \u00e9l\u00e8ves d&#8217;apprendre par la pratique, de faire le lien entre les le\u00e7ons apprises et leur vie et de constater comment <b>de petits gestes collectifs m\u00e8nent \u00e0 de grands changements <\/b>. En participant, les classes de tout le Canada concourent non seulement pour des prix, mais aussi pour fa\u00e7onner ensemble un avenir plus durable.<\/p>\n","protected":false},"excerpt":{"rendered":"<p>Le D\u00e9fi en classe du programme Vivre net z\u00e9ro propose cinq th\u00e8mes et des activit\u00e9s pratiques con\u00e7ues pour associer l&#8217;apprentissage \u00e0 l&#8217;action. Chaque d\u00e9fi invite les \u00e9l\u00e8ves \u00e0 explorer, cr\u00e9er et r\u00e9fl\u00e9chir, tout en apportant des changements positifs \u00e0 leur \u00e9cole, \u00e0 leur foyer et \u00e0 leur communaut\u00e9. Il y a aussi un d\u00e9fi vid\u00e9o [&hellip;]<\/p>\n","protected":false},"author":1,"featured_media":114,"parent":0,"menu_order":0,"comment_status":"closed","ping_status":"closed","template":"","meta":{"_acf_changed":false,"_monsterinsights_skip_tracking":false,"_monsterinsights_sitenote_active":false,"_monsterinsights_sitenote_note":"","_monsterinsights_sitenote_category":0,"footnotes":""},"class_list":["post-155","page","type-page","status-publish","has-post-thumbnail","hentry"],"acf":[],"_links":{"self":[{"href":"https:\/\/www.lnzclasschallenge.ca\/fr\/wp-json\/wp\/v2\/pages\/155","targetHints":{"allow":["GET"]}}],"collection":[{"href":"https:\/\/www.lnzclasschallenge.ca\/fr\/wp-json\/wp\/v2\/pages"}],"about":[{"href":"https:\/\/www.lnzclasschallenge.ca\/fr\/wp-json\/wp\/v2\/types\/page"}],"author":[{"embeddable":true,"href":"https:\/\/www.lnzclasschallenge.ca\/fr\/wp-json\/wp\/v2\/users\/1"}],"replies":[{"embeddable":true,"href":"https:\/\/www.lnzclasschallenge.ca\/fr\/wp-json\/wp\/v2\/comments?post=155"}],"version-history":[{"count":0,"href":"https:\/\/www.lnzclasschallenge.ca\/fr\/wp-json\/wp\/v2\/pages\/155\/revisions"}],"wp:featuredmedia":[{"embeddable":true,"href":"https:\/\/www.lnzclasschallenge.ca\/fr\/wp-json\/wp\/v2\/media\/114"}],"wp:attachment":[{"href":"https:\/\/www.lnzclasschallenge.ca\/fr\/wp-json\/wp\/v2\/media?parent=155"}],"curies":[{"name":"wp","href":"https:\/\/api.w.org\/{rel}","templated":true}]}}