{"id":119,"date":"2025-07-25T12:38:08","date_gmt":"2025-07-25T16:38:08","guid":{"rendered":"https:\/\/www.lnzclasschallenge.ca\/home\/"},"modified":"2026-05-01T10:16:40","modified_gmt":"2026-05-01T14:16:40","slug":"home","status":"publish","type":"page","link":"https:\/\/www.lnzclasschallenge.ca\/fr\/","title":{"rendered":"D\u00e9fi en classe"},"content":{"rendered":"<p class=\"highlight\">De retour \u00e0 l\u2019automne 2026!<\/p>\n<h2><b>Le D\u00e9fi en classe du programme Vivre net z\u00e9ro<\/b><\/h2>\n<p>Nous sommes ravis d\u2019annoncer que <strong>le D\u00e9fi en classe du programme Vivre net z\u00e9ro sera de retour \u00e0 l\u2019automne 2026<\/strong> avec des d\u00e9fis nouveaux et actualis\u00e9s. Si ce n\u2019est pas d\u00e9j\u00e0 fait, nous vous encourageons \u00e0 vous inscrire d\u00e8s maintenant afin de rester inform\u00e9\u00b7e du lancement, des dates importantes et des modalit\u00e9s de participation. Les enseignant\u00b7e\u00b7s peuvent \u00e9galement continuer \u00e0 utiliser les activit\u00e9s existantes en tout temps pour soutenir l\u2019apprentissage en classe, l\u2019action climatique et les initiatives en mati\u00e8re de durabilit\u00e9.<\/p>\n<p>Cet automne, des enseignants et \u00e9l\u00e8ves canadiens de la maternelle \u00e0 la 12e ann\u00e9e seront invit\u00e9s \u00e0 participer \u00e0 ce concours national qui transforme les actions quotidiennes en classe et \u00e0 la maison en \u00e9tapes concr\u00e8tes vers un avenir durable. <strong>Gratuit pour toutes les classes canadiennes<\/strong> et con\u00e7u pour inspirer un apprentissage pratique, le D\u00e9fi propose des activit\u00e9s li\u00e9es au programme scolaire, adapt\u00e9es \u00e0 diff\u00e9rents niveaux, avec des ressources bilingues pour les \u00e9l\u00e8ves du primaire et du secondaire.<\/p>\n<p>De la r\u00e9duction de la consommation d\u2019\u00e9nergie et des d\u00e9chets \u00e0 la r\u00e9flexion sur les transports, les choix alimentaires et les c\u00e9l\u00e9brations, chaque d\u00e9fi encourage les \u00e9l\u00e8ves \u00e0 passer \u00e0 l\u2019action \u2014 \u00e0 l\u2019\u00e9cole, \u00e0 la maison et dans leurs communaut\u00e9s. <a href=\"https:\/\/www.lnzclasschallenge.ca\/fr\/les-defis\/\">Explorez les activit\u00e9s ici<\/a> pour vous faire une id\u00e9e de ce qui pourrait correspondre \u00e0 vos plans (certaines mises \u00e0 jour sont \u00e0 venir pour 2026).<\/p>\n<p><strong>Les classes participantes soumettent des preuves<\/strong> de leurs d\u00e9fis r\u00e9alis\u00e9s pour avoir <strong>la chance de gagner des prix en argent<\/strong> qui soutiennent des projets climatiques et de durabilit\u00e9 dans leur \u00e9cole.<\/p>\n<p>Commencer est facile : cr\u00e9ez votre compte \u00e9ducateur, inscrivez votre classe, choisissez les d\u00e9fis qui \u00e9veillent votre curiosit\u00e9 et commencez \u00e0 faire la diff\u00e9rence d\u00e8s aujourd&#8217;hui !<\/p>\n<p><i>Remarque : Le D\u00e9fi en classe est l\u2019un des deux d\u00e9fis propos\u00e9s dans le cadre du programme Vivre net z\u00e9ro 2025. Pour en savoir plus sur le D\u00e9fi pour les m\u00e9nages ax\u00e9 sur le public, veuillez <\/i><a href=\"https:\/\/canadiangeographic.ca\/vivre-net-zero\/les-defis\" target=\"_blank\" rel=\"noopener\"><i>cliquer ici<\/i><\/a><i>.<\/i><\/p>\n","protected":false},"excerpt":{"rendered":"<p>De retour \u00e0 l\u2019automne 2026! Le D\u00e9fi en classe du programme Vivre net z\u00e9ro Nous sommes ravis d\u2019annoncer que le D\u00e9fi en classe du programme Vivre net z\u00e9ro sera de retour \u00e0 l\u2019automne 2026 avec des d\u00e9fis nouveaux et actualis\u00e9s. Si ce n\u2019est pas d\u00e9j\u00e0 fait, nous vous encourageons \u00e0 vous inscrire d\u00e8s maintenant afin [&hellip;]<\/p>\n","protected":false},"author":1,"featured_media":116,"parent":0,"menu_order":0,"comment_status":"closed","ping_status":"closed","template":"","meta":{"_acf_changed":false,"_monsterinsights_skip_tracking":false,"_monsterinsights_sitenote_active":false,"_monsterinsights_sitenote_note":"","_monsterinsights_sitenote_category":0,"footnotes":""},"class_list":["post-119","page","type-page","status-publish","has-post-thumbnail","hentry"],"acf":[],"_links":{"self":[{"href":"https:\/\/www.lnzclasschallenge.ca\/fr\/wp-json\/wp\/v2\/pages\/119","targetHints":{"allow":["GET"]}}],"collection":[{"href":"https:\/\/www.lnzclasschallenge.ca\/fr\/wp-json\/wp\/v2\/pages"}],"about":[{"href":"https:\/\/www.lnzclasschallenge.ca\/fr\/wp-json\/wp\/v2\/types\/page"}],"author":[{"embeddable":true,"href":"https:\/\/www.lnzclasschallenge.ca\/fr\/wp-json\/wp\/v2\/users\/1"}],"replies":[{"embeddable":true,"href":"https:\/\/www.lnzclasschallenge.ca\/fr\/wp-json\/wp\/v2\/comments?post=119"}],"version-history":[{"count":0,"href":"https:\/\/www.lnzclasschallenge.ca\/fr\/wp-json\/wp\/v2\/pages\/119\/revisions"}],"wp:featuredmedia":[{"embeddable":true,"href":"https:\/\/www.lnzclasschallenge.ca\/fr\/wp-json\/wp\/v2\/media\/116"}],"wp:attachment":[{"href":"https:\/\/www.lnzclasschallenge.ca\/fr\/wp-json\/wp\/v2\/media?parent=119"}],"curies":[{"name":"wp","href":"https:\/\/api.w.org\/{rel}","templated":true}]}}